{"id":612,"date":"2011-06-27T21:28:20","date_gmt":"2011-06-27T21:28:20","guid":{"rendered":"http:\/\/lrv-bremen.de\/?page_id=612"},"modified":"2013-05-25T15:27:55","modified_gmt":"2013-05-25T15:27:55","slug":"verband","status":"publish","type":"page","link":"http:\/\/lrv-bremen.de\/?page_id=612","title":{"rendered":"L\u00c4NDERRAT"},"content":{"rendered":"<p style=\"text-align: justify;\"><strong>Der L\u00e4nderrat im Deutschen Ruderverband<\/strong><\/p>\n<p style=\"text-align: justify;\">Der L\u00e4nderrat des Deutschen Ruderverbandes (DRV) besteht nach \u00a7 24 unseres Grundgesetzes (Satzung) aus den Vorsitzenden der Landesruderverb\u00e4nde (LRV).<\/p>\n<p style=\"text-align: justify;\"><strong>Entstehung<\/strong><\/p>\n<p style=\"text-align: justify;\">Durch die f\u00f6derale Struktur der Bundesrepublik Deutschland entwickelten sich nach dem zweiten Weltkrieg neben der Dachorganisation des deutschen Sports, dem heutigen Deutschen Olympischen Sportbund (DOSB) \u2013 vormals Deutscher Sportbund (DSB) &#8211; parallel auf Landesebene Landessportb\u00fcnde (LSB). In Fragen des Rudersports ist f\u00fcr den DOSB sowie die Bundesministerien als Spitzenfachverband f\u00fcr Rudern der DRV alleiniger Ansprechpartner. Auf Landesebene erf\u00fcllen die gleiche Funktion die LRV als alleinige Ansprechpartner der LSB und Landesministerien f\u00fcr den Rudersport. Und genauso wie der DRV damit auf Bundesebene ein Alleinstellungsmerkmal in der Zusammenarbeit mit dem DOSB und den Bundesministerien hat, haben die LRV auf Landesebene ein Alleinstellungsmerkmal in der Zusammenarbeit mit den LSB und den Landesministerien. Sowohl der DRV als auch die LRV erf\u00fcllen damit die wichtige Funktion der Interessenvertretung und der Mittelbeschaffung in Millionenh\u00f6he f\u00fcr den Deutschen Rudersport. Aus diesem Alleinstellungsmerkmal heraus haben sowohl der DRV als auch die LRV ein reichhaltiges Dienstleistungsangebot geschaffen, als ein Beispiel mag hier die Trainerausbildung genannt sein.<\/p>\n<p style=\"text-align: justify;\">Der DRV, als Verband der Vereine gegr\u00fcndet, tat sich mit der sinnvollen Integration der nach dem zweiten Weltkrieg gegr\u00fcndeten LRV in seine eigene Struktur schwer. So scheiterte noch 1962 auf dem Rudertag in Berlin der Versuch der LRV kl\u00e4glich, Mitglieder im DRV zu werden. Der Verbandsausschuss (VA = Vorstand des DRV) und die Vereine bef\u00fcrchteten einen Machtverlust. Erst 1966, auf dem Rudertag in L\u00fcbeck, gelang Peter Velten, dem Landesvorsitzenden von Nordrhein-Westfalen, durch sein unerm\u00fcdliches Werben die Einbindung der LRV \u00fcber den sogenannten \u201eRegionalausschuss\u201c, dem heutigen L\u00e4nderrat. Der Vorsitzende des Regionalausschusses wurde stimmberechtigtes Mitglied im gesch\u00e4ftsf\u00fchrenden Vorstand. Peter Velten selber wurde zum stellv. Vorsitzenden des DRV gew\u00e4hlt. Auf dem Rudertag in Dortmund im Jahr 1974 schlie\u00dflich wurde der Regionalausschuss in L\u00e4nderrat umbenannt und der heutige \u00a7 24 \u2013 vormals \u00a7 23 \u2013 mit der unten folgenden Aufgabenbeschreibung im Grundgesetz verankert.<\/p>\n<p style=\"text-align: justify;\"><strong>Aufgaben<\/strong><\/p>\n<p style=\"text-align: justify;\"><strong> <\/strong>Im \u00a7 24 unserer Satzung sind die Aufgaben des L\u00e4nderrates beschrieben. Er hat:<\/p>\n<p style=\"text-align: justify;\">a)\u00a0 bei der Durchf\u00fchrung der Verbandsziele mitzuwirken und die Beschl\u00fcsse des Rudertages in enger Zusammenarbeit der LRV untereinander in den L\u00e4ndern durchzusetzen;<\/p>\n<p style=\"text-align: justify;\">b)\u00a0 gemeinsame Grundsatzprogramme mit dem Pr\u00e4sidium zu entwickeln, dar\u00fcber zu beschlie\u00dfen und f\u00fcr deren Durchf\u00fchrung in den LRV zu sorgen;<\/p>\n<p style=\"text-align: justify;\">c)\u00a0 die sich daraus ergebenden finanziellen Jahresplanungen zwischen dem DRV und den LRV zu koordinieren;<\/p>\n<p style=\"text-align: justify;\">d)\u00a0 die Anliegen der LRV an das Pr\u00e4sidium heranzutragen und dar\u00fcber zu wachen, dass die Interessen, die sich aus den besonderen Aufgaben der LRV in den einzelnen L\u00e4ndern ergeben, gewahrt werden;<\/p>\n<p style=\"text-align: justify;\">e)\u00a0 mit den Fachressorts und Arbeitskreisen des DRV enge Zusammenarbeit zu pflegen und geeignete Mitarbeiter f\u00fcr diese Gremien vorzuschlagen; bei der Vorbereitung der Rudertage mitzuwirken; die Wahlvorschl\u00e4ge zum Rudertag mitzuberaten.<\/p>\n<p style=\"text-align: justify;\"><strong>Ziele 2011\/2012<\/strong><\/p>\n<p style=\"text-align: justify;\">In der Telefonkonferenz des L\u00e4nderrates am 21. April 2011 hat der L\u00e4nderrat die folgende vier Leits\u00e4tze und sechs Ziele f\u00fcr die Jahre 2011 und 2012 einstimmig beschlossen.<\/p>\n<p style=\"text-align: justify;\"><strong>1) <\/strong><strong><span style=\"text-decoration: underline;\">Wir wirken f\u00fcr unsere Rudervereine.<\/span><\/strong><\/p>\n<p style=\"text-align: justify;\"><strong>Ziel 1: Wir werden in dieser Arbeit von den Vereinen wahrgenommen.<\/strong><\/p>\n<p style=\"text-align: justify;\">Wir setzen dieses Ziel 2011\/2012 um,<\/p>\n<ul style=\"text-align: justify;\">\n<li>indem wir auf den Internetauftritten der LRV einen Men\u00fcpunkt L\u00e4nderrat mit aktuellen Informationen zum L\u00e4nderrat einstellen bzw. pflegen;<\/li>\n<li>indem wir in den Fachzeitschriften, auf <a href=\"http:\/\/www.rudern.de\">www.rudern.de<\/a> und in den Ver\u00f6ffentlichungen der LRV \u00fcber die Arbeit des L\u00e4nderrates informieren;<\/li>\n<li>indem wir die Geschichte des L\u00e4nderrates auf der Basis der Vorlage von Hans-Joachim Behrendt redaktionell bearbeiten und ver\u00f6ffentlichen.<\/li>\n<\/ul>\n<p style=\"text-align: justify;\"><strong>2) <\/strong><strong><span style=\"text-decoration: underline;\">Wir wirken f\u00fcr unseren Deutschen Ruderverband.<\/span><\/strong><\/p>\n<p style=\"text-align: justify;\"><strong>Ziel 2: Wir sorgen f\u00fcr einen optimalen Informationsfluss innerhalb des L\u00e4nderrates und zwischen dem Pr\u00e4sidium und dem L\u00e4nderrat als Grundlage f\u00fcr effektive Formen der Zusammenarbeit.<\/strong><\/p>\n<p style=\"text-align: justify;\">Wir setzen dieses Ziel 2011\/2012 um,<\/p>\n<ul style=\"text-align: justify;\">\n<li>indem der L\u00e4nderrat grunds\u00e4tzlich an jedem dritten Donnerstag im Monat um 20 Uhr eine Telefonkonferenz durchf\u00fchrt;<\/li>\n<li>indem der L\u00e4nderrat dreimal pro Jahr tagt: im Fr\u00fchjahr, im Sommer anl\u00e4sslich der U17-\/U19-\/U23-DM sowie im Herbst anl\u00e4sslich der gemeinsamen Sitzung;<\/li>\n<li>indem wir die Protokolle der Sitzungen des L\u00e4nderrates und des Pr\u00e4sidiums zeitnah austauschen;<\/li>\n<li>indem der L\u00e4nderrat und das Pr\u00e4sidium einmal j\u00e4hrlich gemeinsam tagen;<\/li>\n<li>indem der Vorsitzende des L\u00e4nderrats die Interessen der Landesruderverb\u00e4nde im Pr\u00e4sidium vertritt.<\/li>\n<li>indem wir uns intensiv an der Erarbeitung der Gesch\u00e4ftsordnungen f\u00fcr den Vorstand, das Pr\u00e4sidium, die Fachressorts und die Arbeitskreise beteiligen;<\/li>\n<li>indem der L\u00e4nderrat sich in die Diskussion zu Marketingfragen im Pr\u00e4sidium des DRV einbringt.<\/li>\n<\/ul>\n<p style=\"text-align: justify;\"><strong>3) <\/strong><strong><span style=\"text-decoration: underline;\">Wir motivieren unsere Nachwuchsleistungssportler zu langfristigem Leistungssport.<\/span><\/strong><\/p>\n<p style=\"text-align: justify;\"><strong>Ziel 3a: Wir schaffen differenzierte Leistungsanreize f\u00fcr Sportler, Trainer und Vereine.<\/strong><\/p>\n<p style=\"text-align: justify;\">Wir setzen dieses Ziel 2011\/2012 um,<\/p>\n<ul style=\"text-align: justify;\">\n<li>indem wir uns zu Leistungsbeschreibungen unserer Landestrainer bzw. Landeshonorartrainer sowie Trainer-Lehrerstellen austauschen;<\/li>\n<li>indem wir uns \u00fcber die finanzielle Grundausstattung der LRV austauschen (auch indirekte Mittel).<\/li>\n<\/ul>\n<p style=\"text-align: justify;\"><strong>Ziel 3b: Wir analysieren das Leistungssportbewertungssystem des DOSB f\u00fcr die Nachwuchsf\u00f6rderung.<\/strong><\/p>\n<p style=\"text-align: justify;\">Wir setzen dieses Ziel 2011\/2012 um,<\/p>\n<ul style=\"text-align: justify;\">\n<li>indem wir das Bewertungssystem mit der dahinter liegenden Statistik und den Berechnungsformel analysieren;<\/li>\n<li>indem wir St\u00e4rken und Schw\u00e4chen des Systems beschreiben;<\/li>\n<li>indem wir die Sinnhaftigkeit des Bewertungssystems beurteilen;<\/li>\n<li>indem wir konstruktive \u00c4nderungsvorschl\u00e4ge einbringen.<\/li>\n<\/ul>\n<p style=\"text-align: justify;\"><strong>Ziel 3c: Wir begleiten, f\u00f6rdern und fordern unsere Leistungssportler<\/strong><\/p>\n<p style=\"text-align: justify;\">Wir setzen dieses Ziel 2011\/2012 um,<\/p>\n<ul style=\"text-align: justify;\">\n<li>indem wir uns zu Verbundsystemen Leistungssport \u2013 Schule austauschen;<\/li>\n<li>indem wir uns \u00fcber die Folgen von G8 austauschen;<\/li>\n<li>indem wir uns \u00fcber Verbundsysteme Leistungssport \u2013 Hochschule (Profilquote)\/ Ausbildung austauschen.<\/li>\n<\/ul>\n<p style=\"text-align: justify;\"><strong>4) <\/strong><strong><span style=\"text-decoration: underline;\">Wir kn\u00fcpfen Netzwerke.<\/span><\/strong><\/p>\n<p style=\"text-align: justify;\"><strong>Ziel 4: Wir pflegen unsere Netzwerke<\/strong><\/p>\n<p style=\"text-align: justify;\">Wir setzen dieses Ziel 2011\/2012 um,<\/p>\n<ul style=\"text-align: justify;\">\n<li>indem die Mitglieder des L\u00e4nderrates oder LRV-Personal Aufgaben f\u00fcr den Rudersport in \u00fcbergeordneten Organisationen wie im DRV, in den LSB\u2018s oder den OSP\u2018s \u00fcbernehmen.<\/li>\n<\/ul>\n<p style=\"text-align: justify;\">Reinhart Grahn, Vorsitzender L\u00e4nderrat Deutscher Ruderverband<\/p>\n<p style=\"text-align: justify;\"><a href=\"http:\/\/laenderrat.rudern.de\/\"><span style=\"font-family: Arial; font-size: small;\">Web: http:\/\/laenderrat.rudern.de<\/span><\/a><\/p>\n","protected":false},"excerpt":{"rendered":"<p>Der L\u00e4nderrat im Deutschen Ruderverband Der L\u00e4nderrat des Deutschen Ruderverbandes (DRV) besteht nach \u00a7 24 unseres Grundgesetzes (Satzung) aus den Vorsitzenden der Landesruderverb\u00e4nde (LRV). Entstehung &hellip; <\/p>\n","protected":false},"author":3,"featured_media":0,"parent":0,"menu_order":0,"comment_status":"closed","ping_status":"open","template":"","meta":{"_s2mail":"yes","_mc_calendar":[],"footnotes":""},"class_list":["post-612","page","type-page","status-publish","hentry"],"_links":{"self":[{"href":"http:\/\/lrv-bremen.de\/index.php?rest_route=\/wp\/v2\/pages\/612","targetHints":{"allow":["GET"]}}],"collection":[{"href":"http:\/\/lrv-bremen.de\/index.php?rest_route=\/wp\/v2\/pages"}],"about":[{"href":"http:\/\/lrv-bremen.de\/index.php?rest_route=\/wp\/v2\/types\/page"}],"author":[{"embeddable":true,"href":"http:\/\/lrv-bremen.de\/index.php?rest_route=\/wp\/v2\/users\/3"}],"replies":[{"embeddable":true,"href":"http:\/\/lrv-bremen.de\/index.php?rest_route=%2Fwp%2Fv2%2Fcomments&post=612"}],"version-history":[{"count":10,"href":"http:\/\/lrv-bremen.de\/index.php?rest_route=\/wp\/v2\/pages\/612\/revisions"}],"predecessor-version":[{"id":1659,"href":"http:\/\/lrv-bremen.de\/index.php?rest_route=\/wp\/v2\/pages\/612\/revisions\/1659"}],"wp:attachment":[{"href":"http:\/\/lrv-bremen.de\/index.php?rest_route=%2Fwp%2Fv2%2Fmedia&parent=612"}],"curies":[{"name":"wp","href":"https:\/\/api.w.org\/{rel}","templated":true}]}}