{"id":43,"date":"2011-03-18T10:19:02","date_gmt":"2011-03-18T10:19:02","guid":{"rendered":"http:\/\/lrv-bremen.de\/?page_id=43"},"modified":"2025-11-22T09:02:51","modified_gmt":"2025-11-22T09:02:51","slug":"vorstand","status":"publish","type":"page","link":"http:\/\/lrv-bremen.de\/?page_id=43","title":{"rendered":"Das Team"},"content":{"rendered":"<table class=\"lrvbremen\">\n<tbody>\n<tr>\n<td height=\"70\"><span style=\"color: #ff0000;\"><strong>Ehrenvorsitzender<\/strong><\/span><\/td>\n<td height=\"70\"><strong><a href=\"mailto:ukhauser@gmx.de\">Udo Hauser<\/a><\/strong><\/td>\n<td height=\"70\"><\/td>\n<\/tr>\n<tr>\n<td height=\"10\"><\/td>\n<td height=\"10\"><\/td>\n<td height=\"10\"><\/td>\n<\/tr>\n<tr>\n<td><span style=\"color: #ff0000;\"><strong>Vorsitzender Finanzen<\/strong><\/span><\/td>\n<td><span style=\"color: #ff0000;\"><strong>1. Vorsitzender<\/strong><\/span><\/td>\n<td><span style=\"color: #ff0000;\"><strong>Vorsitzender Sport<\/strong><\/span><\/td>\n<\/tr>\n<tr>\n<td><a href=\"mailto:finanzen@lrv-bremen.de\">Guido Clae\u00dfens<\/a><\/td>\n<td><strong><a href=\"mailto:vorsitzender@lrv-bremen.de\">Redelf Jan\u00dfen<\/a><\/strong><\/td>\n<td><a href=\"mailto:jgrosse@nolimit-events.com\">Jens Gro\u00dfe<\/a><\/td>\n<\/tr>\n<tr>\n<td><\/td>\n<td><\/td>\n<td><\/td>\n<\/tr>\n<tr>\n<td><\/td>\n<td>28757 Bremen<\/td>\n<td><\/td>\n<\/tr>\n<tr>\n<td><\/td>\n<td>0421\/96038941<\/td>\n<td><\/td>\n<\/tr>\n<tr>\n<td><\/td>\n<td>0171\/5531474<\/td>\n<td><\/td>\n<\/tr>\n<tr>\n<td height=\"10\"><\/td>\n<td height=\"10\"><\/td>\n<td height=\"10\"><\/td>\n<\/tr>\n<tr>\n<td><span style=\"color: #ff0000;\"><strong>Webmaster<\/strong><\/span><\/td>\n<td><span style=\"color: #ff0000;\"><strong>Schriftf\u00fchrerin<\/strong><\/span><\/td>\n<td><span style=\"color: #ff0000;\"><strong>Ruderjugend <\/strong><\/span><\/td>\n<\/tr>\n<tr>\n<td height=\"70\">Nicht besetzt<\/td>\n<td height=\"70\"><a href=\"mailto:schriftf@lrv-bremen.de\">Ulrike Laube<\/a><\/td>\n<td height=\"70\"><a href=\"mailto:Jugend@lrv-bremen.de\">\u00a0Kathrin Baumgart<\/a><\/td>\n<\/tr>\n<tr>\n<td height=\"10\"><\/td>\n<td height=\"10\"><\/td>\n<td height=\"10\"><\/td>\n<\/tr>\n<tr>\n<td><span style=\"color: #ff0000;\"><strong><br \/>\nWettkampfrichter<br \/>\n<\/strong><\/span><span style=\"color: #ff0000;\"><strong>Beauftragter<\/strong><\/span><\/td>\n<td><span style=\"color: #ff0000;\"><strong>Ref.<br \/>\nLeistungssport<\/strong><\/span><\/td>\n<td><span style=\"color: #ff0000;\"><strong>Trainerin-Lehrerin<br \/>\n<\/strong><\/span><\/td>\n<\/tr>\n<tr>\n<td style=\"text-align: center;\" height=\"70\">Martin Mensch<\/td>\n<td height=\"70\">Thorsten Sommer<\/td>\n<td height=\"70\">Anja Noske<\/td>\n<\/tr>\n<tr>\n<td height=\"10\"><\/td>\n<td height=\"10\"><\/td>\n<td height=\"10\"><\/td>\n<\/tr>\n<tr>\n<td><span style=\"color: #ff0000;\"><strong>Landestrainerin<\/strong><\/span><\/td>\n<td><span style=\"color: #ff0000;\"><strong>Wanderrudern<\/strong><\/span><\/td>\n<td><span style=\"color: #ff0000;\"><strong>JuM Regatta<\/strong><\/span><\/td>\n<\/tr>\n<tr>\n<td height=\"70\">Christina Einert<\/td>\n<td height=\"70\"><a href=\"mailto:g-temme@uni-bremen.de\">Gisela Temme<\/a><\/td>\n<td height=\"70\"><a href=\"mailto:jum-bremen@t-online.de\">Ann-Kathrin<br \/>\nDannhauer<\/a><\/td>\n<\/tr>\n<tr>\n<td height=\"10\"><\/td>\n<td height=\"10\"><\/td>\n<td height=\"10\"><\/td>\n<\/tr>\n<tr>\n<td><span style=\"color: #ff0000;\"><strong>Lehrwart<\/strong><\/span><\/td>\n<td><span style=\"color: #ff0000;\"><strong>Materialwart<\/strong><\/span><\/td>\n<td><span style=\"color: #ff0000;\"><strong>Umwelt<\/strong><\/span><\/td>\n<\/tr>\n<tr>\n<td height=\"70\">Dirk Berger<\/td>\n<td height=\"70\">nicht besetzt<\/td>\n<td height=\"70\">siehe Wanderrudern<\/td>\n<\/tr>\n<\/tbody>\n<\/table>\n","protected":false},"excerpt":{"rendered":"<p>Ehrenvorsitzender Udo Hauser Vorsitzender Finanzen 1. Vorsitzender Vorsitzender Sport Guido Clae\u00dfens Redelf Jan\u00dfen Jens Gro\u00dfe 28757 Bremen 0421\/96038941 0171\/5531474 Webmaster Schriftf\u00fchrerin Ruderjugend Nicht besetzt Ulrike &hellip; <\/p>\n","protected":false},"author":5,"featured_media":0,"parent":0,"menu_order":0,"comment_status":"closed","ping_status":"open","template":"","meta":{"_s2mail":"yes","_mc_calendar":[],"footnotes":""},"class_list":["post-43","page","type-page","status-publish","hentry"],"_links":{"self":[{"href":"http:\/\/lrv-bremen.de\/index.php?rest_route=\/wp\/v2\/pages\/43","targetHints":{"allow":["GET"]}}],"collection":[{"href":"http:\/\/lrv-bremen.de\/index.php?rest_route=\/wp\/v2\/pages"}],"about":[{"href":"http:\/\/lrv-bremen.de\/index.php?rest_route=\/wp\/v2\/types\/page"}],"author":[{"embeddable":true,"href":"http:\/\/lrv-bremen.de\/index.php?rest_route=\/wp\/v2\/users\/5"}],"replies":[{"embeddable":true,"href":"http:\/\/lrv-bremen.de\/index.php?rest_route=%2Fwp%2Fv2%2Fcomments&post=43"}],"version-history":[{"count":86,"href":"http:\/\/lrv-bremen.de\/index.php?rest_route=\/wp\/v2\/pages\/43\/revisions"}],"predecessor-version":[{"id":2784,"href":"http:\/\/lrv-bremen.de\/index.php?rest_route=\/wp\/v2\/pages\/43\/revisions\/2784"}],"wp:attachment":[{"href":"http:\/\/lrv-bremen.de\/index.php?rest_route=%2Fwp%2Fv2%2Fmedia&parent=43"}],"curies":[{"name":"wp","href":"https:\/\/api.w.org\/{rel}","templated":true}]}}