{"id":2,"date":"2010-07-06T10:23:24","date_gmt":"2010-07-06T10:23:24","guid":{"rendered":"http:\/\/lrv-bremen.de\/?page_id=2"},"modified":"2011-03-18T11:30:25","modified_gmt":"2011-03-18T11:30:25","slug":"about","status":"publish","type":"page","link":"http:\/\/lrv-bremen.de\/?page_id=2","title":{"rendered":"LRV"},"content":{"rendered":"<p><span style=\"color: #333333;\">Der Landesruderverband Bremen besteht aus f\u00fcnf Vereinen und ist in allen ruderischen Bereichen aktiv.<\/span><\/p>\n<p><span style=\"color: #333333;\">Im Rennsport hat der LRV in den vergangenen Jahren einige beachtliche Erfolge zu verbuchen. Unsere Mannschaft ist klein, aber &#8211; &#8220;fein&#8221; &#8211; wie man so sagt. So haben wir in regelm\u00e4\u00dfig Ruderinnen und Ruderer zu Welt- und Europameisterschaften entsenden k\u00f6nnen.<\/span><\/p>\n<p><span style=\"color: #333333;\">Aktuell ist Tobias von Randow als Bundeskaderathlet das Aush\u00e4ngeschild der Landesverbandes.\u00a0Zu erw\u00e4hnen sind auch\u00a0die aktuellen EUC-Europameister im M\u00e4nnerdopplevierer mit Bolko Maas, Kim F\u00fcrwentsches, Joos Lange und S\u00f6ren Dannhauer.<\/span><\/p>\n<p><span style=\"color: #333333;\">In der j\u00fcngsten Vergangenheit stellten die Ruderer mit Knud Lange dreimal in Folge den Sportler des Jahres im Bundesland Bremen. Auch dies zeugt von der guten Arbeit in den f\u00fcnf Vereinen.<\/span><\/p>\n<p><span style=\"color: #333333;\">Regelm\u00e4\u00dfig sind wir auch in den Medaillenr\u00e4ngen bei Jugendmeisterschaften und Bundeswettbewerben.<\/span><\/p>\n<p><span style=\"color: #333333;\">Wanderfahrten werden gro\u00df geschrieben und in allen Vereinen angeboten. Kein Ruderrevier ist zu weit entfernt und vor Bremer Ruderinnen und Ruderern sicher.<\/span><\/p>\n<p><span style=\"color: #333333;\">Hoch Hochseerudern wird betrieben, in sicheren Booten (Yole de Mer) geht es nicht nur auf die Nordsee.<\/span><\/p>\n","protected":false},"excerpt":{"rendered":"<p>Der Landesruderverband Bremen besteht aus f\u00fcnf Vereinen und ist in allen ruderischen Bereichen aktiv. Im Rennsport hat der LRV in den vergangenen Jahren einige beachtliche &hellip; <\/p>\n","protected":false},"author":3,"featured_media":0,"parent":0,"menu_order":0,"comment_status":"open","ping_status":"open","template":"","meta":{"_s2mail":"","_mc_calendar":[],"footnotes":""},"class_list":["post-2","page","type-page","status-publish","hentry"],"_links":{"self":[{"href":"http:\/\/lrv-bremen.de\/index.php?rest_route=\/wp\/v2\/pages\/2","targetHints":{"allow":["GET"]}}],"collection":[{"href":"http:\/\/lrv-bremen.de\/index.php?rest_route=\/wp\/v2\/pages"}],"about":[{"href":"http:\/\/lrv-bremen.de\/index.php?rest_route=\/wp\/v2\/types\/page"}],"author":[{"embeddable":true,"href":"http:\/\/lrv-bremen.de\/index.php?rest_route=\/wp\/v2\/users\/3"}],"replies":[{"embeddable":true,"href":"http:\/\/lrv-bremen.de\/index.php?rest_route=%2Fwp%2Fv2%2Fcomments&post=2"}],"version-history":[{"count":2,"href":"http:\/\/lrv-bremen.de\/index.php?rest_route=\/wp\/v2\/pages\/2\/revisions"}],"predecessor-version":[{"id":90,"href":"http:\/\/lrv-bremen.de\/index.php?rest_route=\/wp\/v2\/pages\/2\/revisions\/90"}],"wp:attachment":[{"href":"http:\/\/lrv-bremen.de\/index.php?rest_route=%2Fwp%2Fv2%2Fmedia&parent=2"}],"curies":[{"name":"wp","href":"https:\/\/api.w.org\/{rel}","templated":true}]}}