{"id":1689,"date":"2013-06-07T19:29:56","date_gmt":"2013-06-07T19:29:56","guid":{"rendered":"http:\/\/lrv-bremen.de\/?page_id=1689"},"modified":"2017-04-27T19:36:18","modified_gmt":"2017-04-27T19:36:18","slug":"info-vom-lrv","status":"publish","type":"page","link":"http:\/\/lrv-bremen.de\/?page_id=1689","title":{"rendered":"INFO&#8217;s LRV"},"content":{"rendered":"<ul>\n<li>Die <strong>Bremer Meisterschaft 2017<\/strong>\u00a0findet am 17. September wie in jedem Jahr auf dem Werdersee statt. Wie in jeden Jahr betr\u00e4gt die Streckenl\u00e4nge 500 Meter, nur der abschlie\u00dfenden Achter wird \u00fcber 1000 Meter ausgefahren.<br \/>\nDie Bremer Meisterschaft ist eine gemeinsame Veranstaltung von den Bremer Rudervereinen f\u00fcr die Rudervereine im Landesruderverband Bremen.\u00a0 Aus diesem Grunde sind wir wie immer auf die Hilfe aller Vereine angewiesen. Jeder Verein sollte mind. drei Helfer benennen. Die Einsatzplanung der Helfer erfolgt \u00fcber eine Doodle Liste, die per Mail zirkuliert wurde und \u00fcber unsere Homepage <a href=\"http:\/\/www.lrv-bremen.de\">www.lrv-bremen.de<\/a> zug\u00e4nglich ist.<br \/>\nIn diesem Jahr m\u00f6chten wir wieder allen Aktiven und Besuchern die M\u00f6glichkeit geben, die Zeit zwischen den Rennen bei Kaffee und Kuchen zu verbringen. Daf\u00fcr bitten wir alle Ruderer, Eltern, Verwandte und Freunde des Rudersports um <strong>belegte Br\u00f6tchen- und Kuchenspenden<\/strong>.<br \/>\nWenn ihr uns mit Br\u00f6tchen- und Kuchenspenden unterst\u00fctzen m\u00f6chtet, meldet euch bitte bis zum 31. August 2017 bei Jens Grosse (Email: <a href=\"mailto:vors.sport@lrv-bremen.de\">vors.sport@lrv-bremen.de<\/a>). Auf der Regatta werden wir eine Spendenb\u00fcchse aufstellen. Der Erl\u00f6s geht zur Verwendung in die Leistungssportf\u00f6rderung des LRV Bremen.<\/p>\n<p>Fragen zur Meldung und zu den Rennen bitte per Email an Jens Grosse (Email: <a href=\"mailto:vors.sport@lrv-bremen.de\">vors.sport@lrv-bremen.de<\/a> ).\u00a0Ein Hinweis f\u00fcr alle Autofahrer: Die <strong>Zufahrt zum Regattagel\u00e4nde ist ausschlie\u00dflich Bootstransporten gestattet<\/strong> (polizeiliche Auflage).\u00a0 Die Teilnehmer und Besucher k\u00f6nnen auf dem Parkplatz gegen\u00fcber dem Kuhhirten parken.<\/p>\n<p>Wir freuen uns auf Eure zahlreiche Beteiligung an unserer gemeinsamen Regatta.<\/li>\n<li>Die Bremer <strong>St\u00e4dtekampf-Mannschaft 2015<\/strong> ist vollz\u00e4hlig. Mit Beteiligung aller Vereine werden wir in diesem Jahr in Potsdam mit einer kompletten Mannschaft antreten k\u00f6nnen und alle Bootsgattungen besetzen!<\/li>\n<\/ul>\n<ul>\n<li>Die <strong>Bremer Meisterschaft 2015<\/strong> findet am 19. September wie in jedem Jahr auf dem Werdersee statt. Wie in jeden Jahr betr\u00e4gt die Streckenl\u00e4nge 500 Meter, nur der abschlie\u00dfenden Achter wird \u00fcber 1000 Meter ausgefahren.<br \/>\n<strong>Zeitgleich<\/strong> findet am Seeufer eine Laufveranstaltung statt &#8211; daher sollten die ausw\u00e4rtigen Vereine bitte mit den Bootstransporten rechtzeitig anreisen.<\/li>\n<\/ul>\n<p><a href=\"http:\/\/lrv-bremen.de\/wp-content\/uploads\/2013\/04\/Fr\u00fchtest-Bremen-2013_01_K.jpg\"><img loading=\"lazy\" decoding=\"async\" class=\"alignright wp-image-1629\" src=\"http:\/\/lrv-bremen.de\/wp-content\/uploads\/2013\/04\/Fr\u00fchtest-Bremen-2013_01_K.jpg\" alt=\"Fr\u00fchtest-Bremen-2013_01_K\" width=\"383\" height=\"215\" srcset=\"http:\/\/lrv-bremen.de\/wp-content\/uploads\/2013\/04\/Fr\u00fchtest-Bremen-2013_01_K.jpg 638w, http:\/\/lrv-bremen.de\/wp-content\/uploads\/2013\/04\/Fr\u00fchtest-Bremen-2013_01_K-150x84.jpg 150w, http:\/\/lrv-bremen.de\/wp-content\/uploads\/2013\/04\/Fr\u00fchtest-Bremen-2013_01_K-300x168.jpg 300w\" sizes=\"auto, (max-width: 383px) 100vw, 383px\" \/><\/a><\/p>\n<ul>\n<li style=\"text-align: justify;\">Der 6-St\u00e4dtekampf der B-Junioren findet in <strong>2013<\/strong> zum dritten Mal in Bremen auf dem Werdersee statt. Unser Team ist voll in der Planung f\u00fcr diesen Wettkampf des Nachwuchses und hofft, dass alle Mannschaften vollz\u00e4hlig anreisen k\u00f6nnen.<\/li>\n<\/ul>\n<p style=\"text-align: justify;\">Als Termin haben wir das Wochenende 20.-22.09.2013 ausgew\u00e4hlt. Weitere Infos, werden wir in der kommenden Woche verschicken.<\/p>\n<p><span style=\"text-decoration: underline; color: #ff0000;\"><strong><em>Hier erst einmal in Kurzform der geplante Ablauf:<\/em><\/strong><\/span><\/p>\n<p><strong><span style=\"color: #333399;\"><span style=\"text-decoration: underline; color: #000000;\"><em>Freitag, 20.09.2013<\/em><\/span><br \/>\n<\/span><\/strong><\/p>\n<ul style=\"text-align: justify;\">\n<li><strong><span class=\"Apple-style-span\" style=\"font-weight: normal;\"><strong><span class=\"Apple-style-span\" style=\"font-weight: normal;\">Anreise<\/span><\/strong><\/span><\/strong><\/li>\n<\/ul>\n<p><span style=\"text-decoration: underline; color: #ff0000;\"><em><b><span style=\"text-decoration: underline;\">Samstag 21.09.2013<\/span><\/b><\/em><\/span><\/p>\n<ul style=\"text-align: justify;\">\n<li><b><span class=\"Apple-style-span\" style=\"font-weight: normal;\"><b>Fr\u00fchst\u00fcck<\/b><\/span><\/b><span class=\"Apple-style-span\" style=\"font-weight: normal;\"> in der Unterkunft <\/span><span class=\"Apple-style-span\" style=\"font-weight: normal;\">oder<\/span><b><span class=\"Apple-style-span\" style=\"font-weight: normal;\"><b>\u00a0<\/b>vormittags Anreise &#8211; Training m\u00f6glich<\/span><\/b><\/li>\n<li><b><span class=\"Apple-style-span\" style=\"font-weight: normal;\"><b>Begr\u00fc\u00dfung und Mittagessen\u00a0<\/b><\/span><span class=\"Apple-style-span\" style=\"font-weight: normal;\">in der Vereinsgastst\u00e4tte des Bremer Rudervereins &#8211; Obleutebesprechung im Anschluss<\/span><\/b><\/li>\n<li><b><span class=\"Apple-style-span\" style=\"font-weight: normal;\"><b><b>Regatta (<\/b><\/b>ca. 14:00 Start)<\/span><\/b><\/li>\n<li>Abfahrt<b> Rahmenprogramm<br \/>\n<\/b>ca. 19:00 Uhr\u00a0R\u00fcckfahrt zum Bremer Ruderverein<\/li>\n<li><b><b>Abendbrot<\/b><\/b><\/li>\n<\/ul>\n<p><span style=\"text-decoration: underline; color: #ff0000;\"><em><b>Sonntag 22.09.2013<\/b><\/em><\/span><\/p>\n<ul style=\"text-align: justify;\">\n<li><b>Fr\u00fchst\u00fcck<\/b> in der Unterkunft<\/li>\n<li>anschlie\u00dfend <strong>Regatta<\/strong> auf dem Werdersee,<b> verbunden mit der Bremer Meisterschaft<\/b><\/li>\n<li><b>Mittagessen mit Siegerehrung\u00a0<\/b>ca. 12:00 Vereinsgastst\u00e4tte Bremer Ruderverein<\/li>\n<li>Abreise<\/li>\n<\/ul>\n<p>&nbsp;<\/p>\n","protected":false},"excerpt":{"rendered":"<p>Die Bremer Meisterschaft 2017\u00a0findet am 17. September wie in jedem Jahr auf dem Werdersee statt. Wie in jeden Jahr betr\u00e4gt die Streckenl\u00e4nge 500 Meter, nur &hellip; <\/p>\n","protected":false},"author":3,"featured_media":0,"parent":0,"menu_order":0,"comment_status":"closed","ping_status":"open","template":"","meta":{"_s2mail":"yes","_mc_calendar":[],"footnotes":""},"class_list":["post-1689","page","type-page","status-publish","hentry"],"_links":{"self":[{"href":"http:\/\/lrv-bremen.de\/index.php?rest_route=\/wp\/v2\/pages\/1689","targetHints":{"allow":["GET"]}}],"collection":[{"href":"http:\/\/lrv-bremen.de\/index.php?rest_route=\/wp\/v2\/pages"}],"about":[{"href":"http:\/\/lrv-bremen.de\/index.php?rest_route=\/wp\/v2\/types\/page"}],"author":[{"embeddable":true,"href":"http:\/\/lrv-bremen.de\/index.php?rest_route=\/wp\/v2\/users\/3"}],"replies":[{"embeddable":true,"href":"http:\/\/lrv-bremen.de\/index.php?rest_route=%2Fwp%2Fv2%2Fcomments&post=1689"}],"version-history":[{"count":13,"href":"http:\/\/lrv-bremen.de\/index.php?rest_route=\/wp\/v2\/pages\/1689\/revisions"}],"predecessor-version":[{"id":2415,"href":"http:\/\/lrv-bremen.de\/index.php?rest_route=\/wp\/v2\/pages\/1689\/revisions\/2415"}],"wp:attachment":[{"href":"http:\/\/lrv-bremen.de\/index.php?rest_route=%2Fwp%2Fv2%2Fmedia&parent=1689"}],"curies":[{"name":"wp","href":"https:\/\/api.w.org\/{rel}","templated":true}]}}